{"id":61,"date":"2014-08-16T07:17:35","date_gmt":"2014-08-16T07:17:35","guid":{"rendered":"http:\/\/www.pelahotel.gr\/tr\/?page_id=61"},"modified":"2014-10-13T07:33:40","modified_gmt":"2014-10-13T07:33:40","slug":"%ce%b4%cf%89%ce%bc%ce%ac%cf%84%ce%b9%ce%b1-%ce%b1%ce%bd%ce%ad%cf%83%ce%b5%ce%b9%cf%82","status":"publish","type":"page","link":"https:\/\/www.pelahotel.gr\/tr\/%ce%b4%cf%89%ce%bc%ce%ac%cf%84%ce%b9%ce%b1-%ce%b1%ce%bd%ce%ad%cf%83%ce%b5%ce%b9%cf%82\/","title":{"rendered":"Odalar\/Dinginlikler"},"content":{"rendered":"<div align=\"center\">\n<table border=\"0\" width=\"919\" cellspacing=\"0\" cellpadding=\"0\">\n<tbody>\n<tr>\n<td valign=\"top\" width=\"300\">\n<p style=\"text-align: justify;\"><span style=\"color: #222222;\"><span lang=\"tr-TR\">T\u00fcm odalar\u0131m\u0131z, t\u00fcm ihtiya\u00e7lar\u0131n\u0131z\u0131 kar\u015f\u0131layacak \u015fekilde \u00f6zenle d\u00f6\u015fenmi\u015f ve dekore edilmi\u015ftir. <\/span><\/span><\/p>\n<p>&nbsp;<\/p>\n<p><span style=\"color: #222222;\">Odalarda:<\/span><\/p>\n<ul>\n<li>\n<p lang=\"tr-TR\">Telefon<\/p>\n<\/li>\n<li>\n<p lang=\"tr-TR\">M\u00fczik<\/p>\n<\/li>\n<li>\n<p lang=\"tr-TR\">Televizyon<\/p>\n<\/li>\n<li>\n<p lang=\"tr-TR\">Uydu TV<\/p>\n<\/li>\n<li>\n<p lang=\"tr-TR\">WiFi \u0130nternet Ba\u011flant\u0131s\u0131<\/p>\n<\/li>\n<li>\n<p lang=\"tr-TR\">Sa\u00e7 kurutma makinesi<\/p>\n<\/li>\n<li>\n<p lang=\"tr-TR\">Buzdolab\u0131<\/p>\n<\/li>\n<li>\n<p lang=\"tr-TR\">Kasa (istek \u00fczerine)<\/p>\n<\/li>\n<li>\n<p lang=\"tr-TR\">Balkon veya Teras<\/p>\n<\/li>\n<li>\n<p lang=\"tr-TR\">\u00c7ocuk yata\u011f\u0131 (istek \u00fczerine) mevcuttur.<\/p>\n<\/li>\n<\/ul>\n<\/td>\n<td width=\"19\"><\/td>\n<td valign=\"top\" width=\"600\">\n<table border=\"0\" width=\"100%\" cellspacing=\"0\" cellpadding=\"0\">\n<tbody>\n<tr>\n<td valign=\"top\">\n<p lang=\"tr-TR\"><span style=\"color: #ff0000;\">B\u00fcy\u00fctmek i\u00e7in \u00fczerine t\u0131klay\u0131n\u0131z.<\/span><br \/>\n<div id='wpg_thumb_gallery61_0' class='wpg-thumb-container'><a href='https:\/\/www.pelahotel.gr\/tr\/wp-content\/uploads\/2014\/08\/rooms-01.jpg' rel='wpg_thumb_gallery61_0_rel' title='rooms-01'><img src='https:\/\/www.pelahotel.gr\/tr\/wp-content\/plugins\/wordpress-gallery-plugin\/timthumb.php?src=\/wp-content\/uploads\/2014\/08\/rooms-01.jpg&a=t&h=&w=&zc=1' alt='rooms-01'  \/><\/a><a href='https:\/\/www.pelahotel.gr\/tr\/wp-content\/uploads\/2014\/08\/rooms-02.jpg' rel='wpg_thumb_gallery61_0_rel' title='rooms-02'><img src='https:\/\/www.pelahotel.gr\/tr\/wp-content\/plugins\/wordpress-gallery-plugin\/timthumb.php?src=\/wp-content\/uploads\/2014\/08\/rooms-02.jpg&a=t&h=&w=&zc=1' alt='rooms-02'  \/><\/a><a href='https:\/\/www.pelahotel.gr\/tr\/wp-content\/uploads\/2014\/08\/rooms-03.jpg' rel='wpg_thumb_gallery61_0_rel' title='rooms-03'><img src='https:\/\/www.pelahotel.gr\/tr\/wp-content\/plugins\/wordpress-gallery-plugin\/timthumb.php?src=\/wp-content\/uploads\/2014\/08\/rooms-03.jpg&a=t&h=&w=&zc=1' alt='rooms-03'  \/><\/a><a href='https:\/\/www.pelahotel.gr\/tr\/wp-content\/uploads\/2014\/08\/rooms-05.jpg' rel='wpg_thumb_gallery61_0_rel' title='rooms-05'><img src='https:\/\/www.pelahotel.gr\/tr\/wp-content\/plugins\/wordpress-gallery-plugin\/timthumb.php?src=\/wp-content\/uploads\/2014\/08\/rooms-05.jpg&a=t&h=&w=&zc=1' alt='rooms-05'  \/><\/a><a href='https:\/\/www.pelahotel.gr\/tr\/wp-content\/uploads\/2014\/08\/rooms-06.jpg' rel='wpg_thumb_gallery61_0_rel' title='rooms-06'><img src='https:\/\/www.pelahotel.gr\/tr\/wp-content\/plugins\/wordpress-gallery-plugin\/timthumb.php?src=\/wp-content\/uploads\/2014\/08\/rooms-06.jpg&a=t&h=&w=&zc=1' alt='rooms-06'  \/><\/a><a href='https:\/\/www.pelahotel.gr\/tr\/wp-content\/uploads\/2014\/08\/rooms-07.jpg' rel='wpg_thumb_gallery61_0_rel' title='rooms-07'><img src='https:\/\/www.pelahotel.gr\/tr\/wp-content\/plugins\/wordpress-gallery-plugin\/timthumb.php?src=\/wp-content\/uploads\/2014\/08\/rooms-07.jpg&a=t&h=&w=&zc=1' alt='rooms-07'  \/><\/a><a href='https:\/\/www.pelahotel.gr\/tr\/wp-content\/uploads\/2014\/08\/rooms-09.jpg' rel='wpg_thumb_gallery61_0_rel' title='rooms-09'><img src='https:\/\/www.pelahotel.gr\/tr\/wp-content\/plugins\/wordpress-gallery-plugin\/timthumb.php?src=\/wp-content\/uploads\/2014\/08\/rooms-09.jpg&a=t&h=&w=&zc=1' alt='rooms-09'  \/><\/a><a href='https:\/\/www.pelahotel.gr\/tr\/wp-content\/uploads\/2014\/08\/rooms-10.jpg' rel='wpg_thumb_gallery61_0_rel' title='rooms-10'><img src='https:\/\/www.pelahotel.gr\/tr\/wp-content\/plugins\/wordpress-gallery-plugin\/timthumb.php?src=\/wp-content\/uploads\/2014\/08\/rooms-10.jpg&a=t&h=&w=&zc=1' alt='rooms-10'  \/><\/a><a href='https:\/\/www.pelahotel.gr\/tr\/wp-content\/uploads\/2014\/08\/rooms-11.jpg' rel='wpg_thumb_gallery61_0_rel' title='rooms-11'><img src='https:\/\/www.pelahotel.gr\/tr\/wp-content\/plugins\/wordpress-gallery-plugin\/timthumb.php?src=\/wp-content\/uploads\/2014\/08\/rooms-11.jpg&a=t&h=&w=&zc=1' alt='rooms-11'  \/><\/a><a href='https:\/\/www.pelahotel.gr\/tr\/wp-content\/uploads\/2014\/08\/rooms-13.jpg' rel='wpg_thumb_gallery61_0_rel' title='rooms-13'><img src='https:\/\/www.pelahotel.gr\/tr\/wp-content\/plugins\/wordpress-gallery-plugin\/timthumb.php?src=\/wp-content\/uploads\/2014\/08\/rooms-13.jpg&a=t&h=&w=&zc=1' alt='rooms-13'  \/><\/a><a href='https:\/\/www.pelahotel.gr\/tr\/wp-content\/uploads\/2014\/08\/rooms-14.jpg' rel='wpg_thumb_gallery61_0_rel' title='rooms-14'><img src='https:\/\/www.pelahotel.gr\/tr\/wp-content\/plugins\/wordpress-gallery-plugin\/timthumb.php?src=\/wp-content\/uploads\/2014\/08\/rooms-14.jpg&a=t&h=&w=&zc=1' alt='rooms-14'  \/><\/a><a href='https:\/\/www.pelahotel.gr\/tr\/wp-content\/uploads\/2014\/08\/rooms-15.jpg' rel='wpg_thumb_gallery61_0_rel' title='rooms-15'><img src='https:\/\/www.pelahotel.gr\/tr\/wp-content\/plugins\/wordpress-gallery-plugin\/timthumb.php?src=\/wp-content\/uploads\/2014\/08\/rooms-15.jpg&a=t&h=&w=&zc=1' alt='rooms-15'  \/><\/a><a href='https:\/\/www.pelahotel.gr\/tr\/wp-content\/uploads\/2014\/08\/rooms-16.jpg' rel='wpg_thumb_gallery61_0_rel' title='rooms-16'><img src='https:\/\/www.pelahotel.gr\/tr\/wp-content\/plugins\/wordpress-gallery-plugin\/timthumb.php?src=\/wp-content\/uploads\/2014\/08\/rooms-16.jpg&a=t&h=&w=&zc=1' alt='rooms-16'  \/><\/a><a href='https:\/\/www.pelahotel.gr\/tr\/wp-content\/uploads\/2014\/08\/rooms-17.jpg' rel='wpg_thumb_gallery61_0_rel' title='rooms-17'><img src='https:\/\/www.pelahotel.gr\/tr\/wp-content\/plugins\/wordpress-gallery-plugin\/timthumb.php?src=\/wp-content\/uploads\/2014\/08\/rooms-17.jpg&a=t&h=&w=&zc=1' alt='rooms-17'  \/><\/a><a href='https:\/\/www.pelahotel.gr\/tr\/wp-content\/uploads\/2014\/08\/rooms-18.jpg' rel='wpg_thumb_gallery61_0_rel' title='rooms-18'><img src='https:\/\/www.pelahotel.gr\/tr\/wp-content\/plugins\/wordpress-gallery-plugin\/timthumb.php?src=\/wp-content\/uploads\/2014\/08\/rooms-18.jpg&a=t&h=&w=&zc=1' alt='rooms-18'  \/><\/a><a href='https:\/\/www.pelahotel.gr\/tr\/wp-content\/uploads\/2014\/08\/rooms-19.jpg' rel='wpg_thumb_gallery61_0_rel' title='rooms-19'><img src='https:\/\/www.pelahotel.gr\/tr\/wp-content\/plugins\/wordpress-gallery-plugin\/timthumb.php?src=\/wp-content\/uploads\/2014\/08\/rooms-19.jpg&a=t&h=&w=&zc=1' alt='rooms-19'  \/><\/a><a href='https:\/\/www.pelahotel.gr\/tr\/wp-content\/uploads\/2014\/08\/rooms-20.jpg' rel='wpg_thumb_gallery61_0_rel' title='rooms-20'><img src='https:\/\/www.pelahotel.gr\/tr\/wp-content\/plugins\/wordpress-gallery-plugin\/timthumb.php?src=\/wp-content\/uploads\/2014\/08\/rooms-20.jpg&a=t&h=&w=&zc=1' alt='rooms-20'  \/><\/a><a href='https:\/\/www.pelahotel.gr\/tr\/wp-content\/uploads\/2014\/08\/rooms-21.jpg' rel='wpg_thumb_gallery61_0_rel' title='rooms-21'><img src='https:\/\/www.pelahotel.gr\/tr\/wp-content\/plugins\/wordpress-gallery-plugin\/timthumb.php?src=\/wp-content\/uploads\/2014\/08\/rooms-21.jpg&a=t&h=&w=&zc=1' alt='rooms-21'  \/><\/a><a href='https:\/\/www.pelahotel.gr\/tr\/wp-content\/uploads\/2014\/08\/rooms-22.jpg' rel='wpg_thumb_gallery61_0_rel' title='rooms-22'><img src='https:\/\/www.pelahotel.gr\/tr\/wp-content\/plugins\/wordpress-gallery-plugin\/timthumb.php?src=\/wp-content\/uploads\/2014\/08\/rooms-22.jpg&a=t&h=&w=&zc=1' alt='rooms-22'  \/><\/a><a href='https:\/\/www.pelahotel.gr\/tr\/wp-content\/uploads\/2014\/08\/rooms-23.jpg' rel='wpg_thumb_gallery61_0_rel' title='rooms-23'><img src='https:\/\/www.pelahotel.gr\/tr\/wp-content\/plugins\/wordpress-gallery-plugin\/timthumb.php?src=\/wp-content\/uploads\/2014\/08\/rooms-23.jpg&a=t&h=&w=&zc=1' alt='rooms-23'  \/><\/a><\/div><style type='text\/css'>#content img{max-width: none;}#wpg_thumb_gallery61_0 img {width: px; height: px; border: 0px solid #; overflow:hidden; float:left; margin:0px 15px 15px 0px;} #wpg_thumb_gallery61_0 img:hover {border-color: #;} #wpg_thumb_gallery61_0 img.last_thumb {margin-right:0px;} <\/style><script type='text\/javascript'>jQuery(document).ready(\tfunction() {\tjQuery('#wpg_thumb_gallery61_0 a').colorbox({transition:'elastic', width:'90%', height:'90%'\t\t});});<\/script>\n<\/td>\n<\/tr>\n<\/tbody>\n<\/table>\n<\/td>\n<\/tr>\n<\/tbody>\n<\/table>\n<\/div>\n","protected":false},"excerpt":{"rendered":"<p>T\u00fcm odalar\u0131m\u0131z, t\u00fcm ihtiya\u00e7lar\u0131n\u0131z\u0131 kar\u015f\u0131layacak \u015fekilde \u00f6zenle d\u00f6\u015fenmi\u015f ve dekore edilmi\u015ftir. &nbsp; Odalarda: Telefon M\u00fczik Televizyon Uydu TV WiFi \u0130nternet Ba\u011flant\u0131s\u0131 Sa\u00e7 kurutma makinesi Buzdolab\u0131 Kasa (istek \u00fczerine) Balkon veya Teras \u00c7ocuk yata\u011f\u0131 (istek \u00fczerine) mevcuttur. B\u00fcy\u00fctmek i\u00e7in \u00fczerine t\u0131klay\u0131n\u0131z.<\/p>\n","protected":false},"author":1,"featured_media":0,"parent":0,"menu_order":0,"comment_status":"open","ping_status":"open","template":"template-fullwidth.php","meta":{"footnotes":""},"class_list":["post-61","page","type-page","status-publish","hentry"],"_links":{"self":[{"href":"https:\/\/www.pelahotel.gr\/tr\/wp-json\/wp\/v2\/pages\/61","targetHints":{"allow":["GET"]}}],"collection":[{"href":"https:\/\/www.pelahotel.gr\/tr\/wp-json\/wp\/v2\/pages"}],"about":[{"href":"https:\/\/www.pelahotel.gr\/tr\/wp-json\/wp\/v2\/types\/page"}],"author":[{"embeddable":true,"href":"https:\/\/www.pelahotel.gr\/tr\/wp-json\/wp\/v2\/users\/1"}],"replies":[{"embeddable":true,"href":"https:\/\/www.pelahotel.gr\/tr\/wp-json\/wp\/v2\/comments?post=61"}],"version-history":[{"count":8,"href":"https:\/\/www.pelahotel.gr\/tr\/wp-json\/wp\/v2\/pages\/61\/revisions"}],"predecessor-version":[{"id":461,"href":"https:\/\/www.pelahotel.gr\/tr\/wp-json\/wp\/v2\/pages\/61\/revisions\/461"}],"wp:attachment":[{"href":"https:\/\/www.pelahotel.gr\/tr\/wp-json\/wp\/v2\/media?parent=61"}],"curies":[{"name":"wp","href":"https:\/\/api.w.org\/{rel}","templated":true}]}}